{"id":203,"date":"2022-05-31T12:56:27","date_gmt":"2022-05-31T12:56:27","guid":{"rendered":"http:\/\/www.agosto.film\/?page_id=203"},"modified":"2025-09-09T15:22:24","modified_gmt":"2025-09-09T15:22:24","slug":"lavori-in-corso","status":"publish","type":"page","link":"https:\/\/www.agosto.film\/index.php\/lavori-in-corso\/","title":{"rendered":"Lavori in corso"},"content":{"rendered":"\n<p>Nello Specchio<\/p>\n\n\n\n<p>Il film segue la storia di Andrea, una storia universale di ricerca di se stessi e di lotta contro le pressioni della societ\u00e0. Il film offre una rappresentazione delle difficolt\u00e0 che una persona pu\u00f2 affrontare nel percorso di Affermazione di genere.<\/p>\n\n\n\n<p><a href=\"https:\/\/www.about-life.it\/mirror.html\">https:\/\/www.about-life.it\/mirror.html<\/a><\/p>\n\n\n\n<p><\/p>\n","protected":false},"excerpt":{"rendered":"<p>Nello Specchio Il film segue la storia di Andrea, una storia universale di ricerca di se stessi e di lotta<\/p>\n<p><a href=\"https:\/\/www.agosto.film\/index.php\/lavori-in-corso\/\" class=\"more-link\">Continue reading<span class=\"screen-reader-text\">Lavori in corso<\/span><\/a><\/p>\n","protected":false},"author":1,"featured_media":0,"parent":0,"menu_order":8,"comment_status":"closed","ping_status":"closed","template":"","meta":{"footnotes":""},"class_list":["post-203","page","type-page","status-publish","hentry"],"_links":{"self":[{"href":"https:\/\/www.agosto.film\/index.php\/wp-json\/wp\/v2\/pages\/203","targetHints":{"allow":["GET"]}}],"collection":[{"href":"https:\/\/www.agosto.film\/index.php\/wp-json\/wp\/v2\/pages"}],"about":[{"href":"https:\/\/www.agosto.film\/index.php\/wp-json\/wp\/v2\/types\/page"}],"author":[{"embeddable":true,"href":"https:\/\/www.agosto.film\/index.php\/wp-json\/wp\/v2\/users\/1"}],"replies":[{"embeddable":true,"href":"https:\/\/www.agosto.film\/index.php\/wp-json\/wp\/v2\/comments?post=203"}],"version-history":[{"count":2,"href":"https:\/\/www.agosto.film\/index.php\/wp-json\/wp\/v2\/pages\/203\/revisions"}],"predecessor-version":[{"id":495,"href":"https:\/\/www.agosto.film\/index.php\/wp-json\/wp\/v2\/pages\/203\/revisions\/495"}],"wp:attachment":[{"href":"https:\/\/www.agosto.film\/index.php\/wp-json\/wp\/v2\/media?parent=203"}],"curies":[{"name":"wp","href":"https:\/\/api.w.org\/{rel}","templated":true}]}}