{"id":206,"date":"2022-05-31T13:00:02","date_gmt":"2022-05-31T13:00:02","guid":{"rendered":"http:\/\/www.agosto.film\/?page_id=206"},"modified":"2023-12-25T11:33:02","modified_gmt":"2023-12-25T11:33:02","slug":"una-al-giorno","status":"publish","type":"page","link":"https:\/\/www.agosto.film\/index.php\/cortometraggi\/una-al-giorno\/","title":{"rendered":"Una al giorno"},"content":{"rendered":"\n<h3 class=\"wp-block-heading\"><\/h3>\n\n\n\n<p>\u00e8 un cortometraggio che mostra le difficolt\u00e0 delle relazioni e il modo in cui una donna si trova suo malgrado dentro dinamiche dalle quali, il pi\u00f9 delle volte fa fatica a uscire.<\/p>\n\n\n\n<p>Una storia raccontata senza musica, solo immagini, suoni, rumori, parole, frasi.<br>Una vita normale che piomba ad un tratto dentro strade tortuose e difficili.<br>Un video di denuncia verso il fenomeno della violenza.<\/p>\n\n\n\n<p>La vita cos\u00ec come \u00e8: momenti allegri e tristi, momenti difficili, da ricordare, in cui fermarsi e riflettere\u00a0<br>Mostrare le difficolt\u00e0 delle relazioni e il modo in cui una donna si trova suo malgrado dentro dinamiche dalle quali, a volte, fa fatica ad uscire. <\/p>\n\n\n\n<p>TEASER<\/p>\n\n\n\n<figure class=\"wp-block-embed is-type-video is-provider-youtube wp-block-embed-youtube wp-embed-aspect-16-9 wp-has-aspect-ratio\"><div class=\"wp-block-embed__wrapper\">\n<iframe loading=\"lazy\"  id=\"_ytid_44053\"  width=\"880\" height=\"495\"  data-origwidth=\"880\" data-origheight=\"495\"  data-relstop=\"1\" src=\"https:\/\/www.youtube.com\/embed\/z9byblQ_BNU?enablejsapi=1&#038;autoplay=0&#038;cc_load_policy=0&#038;cc_lang_pref=&#038;iv_load_policy=1&#038;loop=0&#038;modestbranding=0&#038;rel=0&#038;fs=1&#038;playsinline=0&#038;autohide=2&#038;theme=dark&#038;color=red&#038;controls=1&#038;\" class=\"__youtube_prefs__  epyt-is-override  no-lazyload\" title=\"YouTube player\"  allow=\"fullscreen; accelerometer; autoplay; clipboard-write; encrypted-media; gyroscope; picture-in-picture\" allowfullscreen data-no-lazy=\"1\" data-skipgform_ajax_framebjll=\"\"><\/iframe>\n<\/div><\/figure>\n\n\n\n<figure class=\"wp-block-table\"><table><tbody><tr><td><img loading=\"lazy\" decoding=\"async\" width=\"450\" height=\"636\" class=\"wp-image-395\" style=\"width: 450px;\" src=\"http:\/\/www.agosto.film\/wp-content\/uploads\/2023\/12\/UNA.jpg\" alt=\"\" srcset=\"https:\/\/www.agosto.film\/wp-content\/uploads\/2023\/12\/UNA.jpg 560w, https:\/\/www.agosto.film\/wp-content\/uploads\/2023\/12\/UNA-212x300.jpg 212w\" sizes=\"auto, (max-width: 450px) 100vw, 450px\" \/><\/td><td><img loading=\"lazy\" decoding=\"async\" width=\"450\" height=\"299\" class=\"wp-image-396\" style=\"width: 450px;\" src=\"http:\/\/www.agosto.film\/wp-content\/uploads\/2023\/12\/WINNER-Hodu-International-film-festival-2023.png\" alt=\"\" srcset=\"https:\/\/www.agosto.film\/wp-content\/uploads\/2023\/12\/WINNER-Hodu-International-film-festival-2023.png 1735w, https:\/\/www.agosto.film\/wp-content\/uploads\/2023\/12\/WINNER-Hodu-International-film-festival-2023-300x199.png 300w, https:\/\/www.agosto.film\/wp-content\/uploads\/2023\/12\/WINNER-Hodu-International-film-festival-2023-1024x680.png 1024w, https:\/\/www.agosto.film\/wp-content\/uploads\/2023\/12\/WINNER-Hodu-International-film-festival-2023-768x510.png 768w, https:\/\/www.agosto.film\/wp-content\/uploads\/2023\/12\/WINNER-Hodu-International-film-festival-2023-1536x1020.png 1536w, https:\/\/www.agosto.film\/wp-content\/uploads\/2023\/12\/WINNER-Hodu-International-film-festival-2023-507x338.png 507w\" sizes=\"auto, (max-width: 450px) 100vw, 450px\" \/><\/td><\/tr><tr><td><img loading=\"lazy\" decoding=\"async\" width=\"450\" height=\"299\" class=\"wp-image-394\" style=\"width: 450px;\" src=\"http:\/\/www.agosto.film\/wp-content\/uploads\/2023\/12\/FINALIST-COLIFFE-COLiseum-International-Film-FEstival-2023.png\" alt=\"\" srcset=\"https:\/\/www.agosto.film\/wp-content\/uploads\/2023\/12\/FINALIST-COLIFFE-COLiseum-International-Film-FEstival-2023.png 1735w, https:\/\/www.agosto.film\/wp-content\/uploads\/2023\/12\/FINALIST-COLIFFE-COLiseum-International-Film-FEstival-2023-300x199.png 300w, https:\/\/www.agosto.film\/wp-content\/uploads\/2023\/12\/FINALIST-COLIFFE-COLiseum-International-Film-FEstival-2023-1024x680.png 1024w, https:\/\/www.agosto.film\/wp-content\/uploads\/2023\/12\/FINALIST-COLIFFE-COLiseum-International-Film-FEstival-2023-768x510.png 768w, https:\/\/www.agosto.film\/wp-content\/uploads\/2023\/12\/FINALIST-COLIFFE-COLiseum-International-Film-FEstival-2023-1536x1020.png 1536w, https:\/\/www.agosto.film\/wp-content\/uploads\/2023\/12\/FINALIST-COLIFFE-COLiseum-International-Film-FEstival-2023-507x338.png 507w\" sizes=\"auto, (max-width: 450px) 100vw, 450px\" \/><\/td><td><\/td><\/tr><\/tbody><\/table><\/figure>\n\n\n\n<p><\/p>\n\n\n\n<figure class=\"wp-block-image size-large is-resized\"><img loading=\"lazy\" decoding=\"async\" width=\"724\" height=\"1024\" src=\"http:\/\/www.agosto.film\/wp-content\/uploads\/2023\/07\/una-al-giorno-locandina-1-724x1024.jpg\" alt=\"\" class=\"wp-image-364\" style=\"width:538px;height:auto\" srcset=\"https:\/\/www.agosto.film\/wp-content\/uploads\/2023\/07\/una-al-giorno-locandina-1-724x1024.jpg 724w, https:\/\/www.agosto.film\/wp-content\/uploads\/2023\/07\/una-al-giorno-locandina-1-212x300.jpg 212w, https:\/\/www.agosto.film\/wp-content\/uploads\/2023\/07\/una-al-giorno-locandina-1-768x1086.jpg 768w, https:\/\/www.agosto.film\/wp-content\/uploads\/2023\/07\/una-al-giorno-locandina-1-1086x1536.jpg 1086w, https:\/\/www.agosto.film\/wp-content\/uploads\/2023\/07\/una-al-giorno-locandina-1-1448x2048.jpg 1448w, https:\/\/www.agosto.film\/wp-content\/uploads\/2023\/07\/una-al-giorno-locandina-1-scaled.jpg 1810w\" sizes=\"auto, (max-width: 724px) 100vw, 724px\" \/><\/figure>\n\n\n\n<p>Una al giorno fa parte del progetto About Life. <\/p>\n\n\n\n<p>Ulteriori dettagli sul progetto li potete trovare alla pagina <\/p>\n\n\n\n<p>http:\/\/www.about-life.it\/una_al_giorno.html<\/p>\n","protected":false},"excerpt":{"rendered":"<p>\u00e8 un cortometraggio che mostra le difficolt\u00e0 delle relazioni e il modo in cui una donna si trova suo malgrado<\/p>\n<p><a href=\"https:\/\/www.agosto.film\/index.php\/cortometraggi\/una-al-giorno\/\" class=\"more-link\">Continue reading<span class=\"screen-reader-text\">Una al giorno<\/span><\/a><\/p>\n","protected":false},"author":1,"featured_media":0,"parent":12,"menu_order":0,"comment_status":"closed","ping_status":"closed","template":"","meta":{"footnotes":""},"class_list":["post-206","page","type-page","status-publish","hentry"],"_links":{"self":[{"href":"https:\/\/www.agosto.film\/index.php\/wp-json\/wp\/v2\/pages\/206","targetHints":{"allow":["GET"]}}],"collection":[{"href":"https:\/\/www.agosto.film\/index.php\/wp-json\/wp\/v2\/pages"}],"about":[{"href":"https:\/\/www.agosto.film\/index.php\/wp-json\/wp\/v2\/types\/page"}],"author":[{"embeddable":true,"href":"https:\/\/www.agosto.film\/index.php\/wp-json\/wp\/v2\/users\/1"}],"replies":[{"embeddable":true,"href":"https:\/\/www.agosto.film\/index.php\/wp-json\/wp\/v2\/comments?post=206"}],"version-history":[{"count":6,"href":"https:\/\/www.agosto.film\/index.php\/wp-json\/wp\/v2\/pages\/206\/revisions"}],"predecessor-version":[{"id":397,"href":"https:\/\/www.agosto.film\/index.php\/wp-json\/wp\/v2\/pages\/206\/revisions\/397"}],"up":[{"embeddable":true,"href":"https:\/\/www.agosto.film\/index.php\/wp-json\/wp\/v2\/pages\/12"}],"wp:attachment":[{"href":"https:\/\/www.agosto.film\/index.php\/wp-json\/wp\/v2\/media?parent=206"}],"curies":[{"name":"wp","href":"https:\/\/api.w.org\/{rel}","templated":true}]}}