{"id":345,"date":"2022-08-02T12:05:08","date_gmt":"2022-08-02T12:05:08","guid":{"rendered":"http:\/\/www.agosto.film\/?page_id=345"},"modified":"2025-07-29T08:34:28","modified_gmt":"2025-07-29T08:34:28","slug":"alla-ricerca-di-simurg","status":"publish","type":"page","link":"https:\/\/www.agosto.film\/index.php\/documentari\/alla-ricerca-di-simurg\/","title":{"rendered":"Alla ricerca di Simurg, in volo verso la rotta balcanica"},"content":{"rendered":"\n<p><a href=\"https:\/\/www.amazon.com\/Searching-Simurg-flying-Balkan-route\/dp\/B0D477513L\/\">Available on Amazon Prime <\/a><\/p>\n\n\n\n<p>Sinossi<\/p>\n\n\n\n<p>\u201cAlla ricerca di Simurg\u201d \u00e8 il viaggio, forse utopico, di un gruppo allargato di artisti che attraverso la musica e il canto, come uccelli in stormo, creano occasioni di sensibilizzazione al fenomeno migratorio, con particolare attenzione alla rotta balcanica. Una grande carovana della musica che di tappa in tappa, di concerto in concerto, si sposta dal Veneto al Friuli fino ad arrivare nel cuore di Sarajevo e portare in citt\u00e0 e all\u2019interno dei campi profughi di Bla\u017euj e U\u0161ivak la propria presenza musicale: la musica e il canto come strumento di conoscenza e di incontro tra umanit\u00e0 e culture in movimento, ma anche testimonianza viva di chi ha vissuto esperienze analoghe e in Italia fa parte del coro multietnico \u201cVoci dal Mondo\u201d.<\/p>\n\n\n\n<p>TRAILER<\/p>\n\n\n\n<figure class=\"wp-block-embed is-type-video is-provider-youtube wp-block-embed-youtube wp-embed-aspect-16-9 wp-has-aspect-ratio\"><div class=\"wp-block-embed__wrapper\">\n<iframe loading=\"lazy\"  id=\"_ytid_31932\"  width=\"880\" height=\"495\"  data-origwidth=\"880\" data-origheight=\"495\"  data-relstop=\"1\" src=\"https:\/\/www.youtube.com\/embed\/SKnGmwrxgSw?enablejsapi=1&#038;autoplay=0&#038;cc_load_policy=0&#038;cc_lang_pref=&#038;iv_load_policy=1&#038;loop=0&#038;modestbranding=0&#038;rel=0&#038;fs=1&#038;playsinline=0&#038;autohide=2&#038;theme=dark&#038;color=red&#038;controls=1&#038;\" class=\"__youtube_prefs__  epyt-is-override  no-lazyload\" title=\"YouTube player\"  allow=\"fullscreen; accelerometer; autoplay; clipboard-write; encrypted-media; gyroscope; picture-in-picture\" allowfullscreen data-no-lazy=\"1\" data-skipgform_ajax_framebjll=\"\"><\/iframe>\n<\/div><\/figure>\n\n\n\n<figure class=\"wp-block-table\"><table><tbody><tr><td><img loading=\"lazy\" decoding=\"async\" width=\"450\" height=\"299\" class=\"wp-image-390\" style=\"width: 450px;\" src=\"http:\/\/www.agosto.film\/wp-content\/uploads\/2023\/12\/SEMI-FINALIST1-Florence-Indie-Film-Festival-2023.png\" alt=\"\" srcset=\"https:\/\/www.agosto.film\/wp-content\/uploads\/2023\/12\/SEMI-FINALIST1-Florence-Indie-Film-Festival-2023.png 1735w, https:\/\/www.agosto.film\/wp-content\/uploads\/2023\/12\/SEMI-FINALIST1-Florence-Indie-Film-Festival-2023-300x199.png 300w, https:\/\/www.agosto.film\/wp-content\/uploads\/2023\/12\/SEMI-FINALIST1-Florence-Indie-Film-Festival-2023-1024x680.png 1024w, https:\/\/www.agosto.film\/wp-content\/uploads\/2023\/12\/SEMI-FINALIST1-Florence-Indie-Film-Festival-2023-768x510.png 768w, https:\/\/www.agosto.film\/wp-content\/uploads\/2023\/12\/SEMI-FINALIST1-Florence-Indie-Film-Festival-2023-1536x1020.png 1536w, https:\/\/www.agosto.film\/wp-content\/uploads\/2023\/12\/SEMI-FINALIST1-Florence-Indie-Film-Festival-2023-507x338.png 507w\" sizes=\"auto, (max-width: 450px) 100vw, 450px\" \/><\/td><td><img loading=\"lazy\" decoding=\"async\" width=\"450\" height=\"299\" class=\"wp-image-402\" style=\"width: 450px;\" src=\"http:\/\/www.agosto.film\/wp-content\/uploads\/2023\/12\/OFFICIAL-SELECTION-Geneva-International-Film-Festival-2024.png\" alt=\"\" srcset=\"https:\/\/www.agosto.film\/wp-content\/uploads\/2023\/12\/OFFICIAL-SELECTION-Geneva-International-Film-Festival-2024.png 1735w, https:\/\/www.agosto.film\/wp-content\/uploads\/2023\/12\/OFFICIAL-SELECTION-Geneva-International-Film-Festival-2024-300x199.png 300w, https:\/\/www.agosto.film\/wp-content\/uploads\/2023\/12\/OFFICIAL-SELECTION-Geneva-International-Film-Festival-2024-1024x680.png 1024w, https:\/\/www.agosto.film\/wp-content\/uploads\/2023\/12\/OFFICIAL-SELECTION-Geneva-International-Film-Festival-2024-768x510.png 768w, https:\/\/www.agosto.film\/wp-content\/uploads\/2023\/12\/OFFICIAL-SELECTION-Geneva-International-Film-Festival-2024-1536x1020.png 1536w, https:\/\/www.agosto.film\/wp-content\/uploads\/2023\/12\/OFFICIAL-SELECTION-Geneva-International-Film-Festival-2024-507x338.png 507w\" sizes=\"auto, (max-width: 450px) 100vw, 450px\" \/><\/td><\/tr><tr><td><img loading=\"lazy\" decoding=\"async\" width=\"450\" height=\"299\" class=\"wp-image-408\" style=\"width: 450px;\" src=\"http:\/\/www.agosto.film\/wp-content\/uploads\/2024\/02\/OFFICIAL-SELECTION-Queenstown-Film-Festival-2024.png\" alt=\"\" srcset=\"https:\/\/www.agosto.film\/wp-content\/uploads\/2024\/02\/OFFICIAL-SELECTION-Queenstown-Film-Festival-2024.png 1735w, https:\/\/www.agosto.film\/wp-content\/uploads\/2024\/02\/OFFICIAL-SELECTION-Queenstown-Film-Festival-2024-300x199.png 300w, https:\/\/www.agosto.film\/wp-content\/uploads\/2024\/02\/OFFICIAL-SELECTION-Queenstown-Film-Festival-2024-1024x680.png 1024w, https:\/\/www.agosto.film\/wp-content\/uploads\/2024\/02\/OFFICIAL-SELECTION-Queenstown-Film-Festival-2024-768x510.png 768w, https:\/\/www.agosto.film\/wp-content\/uploads\/2024\/02\/OFFICIAL-SELECTION-Queenstown-Film-Festival-2024-1536x1020.png 1536w, https:\/\/www.agosto.film\/wp-content\/uploads\/2024\/02\/OFFICIAL-SELECTION-Queenstown-Film-Festival-2024-507x338.png 507w\" sizes=\"auto, (max-width: 450px) 100vw, 450px\" \/><\/td><td><img loading=\"lazy\" decoding=\"async\" width=\"450\" height=\"299\" class=\"wp-image-442\" style=\"width: 450px;\" src=\"http:\/\/www.agosto.film\/wp-content\/uploads\/2024\/05\/TEST.png\" alt=\"\" srcset=\"https:\/\/www.agosto.film\/wp-content\/uploads\/2024\/05\/TEST.png 1735w, https:\/\/www.agosto.film\/wp-content\/uploads\/2024\/05\/TEST-300x199.png 300w, https:\/\/www.agosto.film\/wp-content\/uploads\/2024\/05\/TEST-1024x680.png 1024w, https:\/\/www.agosto.film\/wp-content\/uploads\/2024\/05\/TEST-768x510.png 768w, https:\/\/www.agosto.film\/wp-content\/uploads\/2024\/05\/TEST-1536x1020.png 1536w, https:\/\/www.agosto.film\/wp-content\/uploads\/2024\/05\/TEST-507x338.png 507w\" sizes=\"auto, (max-width: 450px) 100vw, 450px\" \/><\/td><\/tr><tr><td><img loading=\"lazy\" decoding=\"async\" width=\"450\" height=\"299\" class=\"wp-image-443\" style=\"width: 450px;\" src=\"http:\/\/www.agosto.film\/wp-content\/uploads\/2024\/05\/vienna.png\" alt=\"\" srcset=\"https:\/\/www.agosto.film\/wp-content\/uploads\/2024\/05\/vienna.png 1735w, https:\/\/www.agosto.film\/wp-content\/uploads\/2024\/05\/vienna-300x199.png 300w, https:\/\/www.agosto.film\/wp-content\/uploads\/2024\/05\/vienna-1024x680.png 1024w, https:\/\/www.agosto.film\/wp-content\/uploads\/2024\/05\/vienna-768x510.png 768w, https:\/\/www.agosto.film\/wp-content\/uploads\/2024\/05\/vienna-1536x1020.png 1536w, https:\/\/www.agosto.film\/wp-content\/uploads\/2024\/05\/vienna-507x338.png 507w\" sizes=\"auto, (max-width: 450px) 100vw, 450px\" \/><\/td><td><img decoding=\"async\" src=\"http:\/\/www.agosto.film\/wp-content\/uploads\/2024\/07\/Caorle-Film-Festival-2024-1024x680.png\" alt=\"\"><\/td><\/tr><tr><td><img loading=\"lazy\" decoding=\"async\" width=\"450\" height=\"299\" class=\"wp-image-487\" style=\"width: 450px;\" src=\"http:\/\/www.agosto.film\/wp-content\/uploads\/2025\/07\/Unknown-3.png\" alt=\"\" srcset=\"https:\/\/www.agosto.film\/wp-content\/uploads\/2025\/07\/Unknown-3.png 595w, https:\/\/www.agosto.film\/wp-content\/uploads\/2025\/07\/Unknown-3-300x199.png 300w, https:\/\/www.agosto.film\/wp-content\/uploads\/2025\/07\/Unknown-3-507x338.png 507w\" sizes=\"auto, (max-width: 450px) 100vw, 450px\" \/><\/td><td><\/td><\/tr><\/tbody><\/table><\/figure>\n\n\n\n\n\n<figure class=\"wp-block-image size-large is-resized is-style-default\"><img loading=\"lazy\" decoding=\"async\" width=\"724\" height=\"1024\" src=\"http:\/\/www.agosto.film\/wp-content\/uploads\/2023\/12\/simurg-finale-724x1024.jpg\" alt=\"\" class=\"wp-image-386\" style=\"width:497px;height:auto\" srcset=\"https:\/\/www.agosto.film\/wp-content\/uploads\/2023\/12\/simurg-finale-724x1024.jpg 724w, https:\/\/www.agosto.film\/wp-content\/uploads\/2023\/12\/simurg-finale-212x300.jpg 212w, https:\/\/www.agosto.film\/wp-content\/uploads\/2023\/12\/simurg-finale-768x1087.jpg 768w, https:\/\/www.agosto.film\/wp-content\/uploads\/2023\/12\/simurg-finale.jpg 826w\" sizes=\"auto, (max-width: 724px) 100vw, 724px\" \/><\/figure>\n\n\n\n\n\n<p><a href=\"https:\/\/www.amazon.com\/Searching-Simurg-flying-Balkan-route\/dp\/B0D477513L\/\">Available on Amazon Prime <\/a><\/p>\n","protected":false},"excerpt":{"rendered":"<p>Available on Amazon Prime Sinossi \u201cAlla ricerca di Simurg\u201d \u00e8 il viaggio, forse utopico, di un gruppo allargato di artisti<\/p>\n<p><a href=\"https:\/\/www.agosto.film\/index.php\/documentari\/alla-ricerca-di-simurg\/\" class=\"more-link\">Continue reading<span class=\"screen-reader-text\">Alla ricerca di Simurg, in volo verso la rotta balcanica<\/span><\/a><\/p>\n","protected":false},"author":1,"featured_media":0,"parent":171,"menu_order":0,"comment_status":"closed","ping_status":"closed","template":"","meta":{"footnotes":""},"class_list":["post-345","page","type-page","status-publish","hentry"],"_links":{"self":[{"href":"https:\/\/www.agosto.film\/index.php\/wp-json\/wp\/v2\/pages\/345","targetHints":{"allow":["GET"]}}],"collection":[{"href":"https:\/\/www.agosto.film\/index.php\/wp-json\/wp\/v2\/pages"}],"about":[{"href":"https:\/\/www.agosto.film\/index.php\/wp-json\/wp\/v2\/types\/page"}],"author":[{"embeddable":true,"href":"https:\/\/www.agosto.film\/index.php\/wp-json\/wp\/v2\/users\/1"}],"replies":[{"embeddable":true,"href":"https:\/\/www.agosto.film\/index.php\/wp-json\/wp\/v2\/comments?post=345"}],"version-history":[{"count":20,"href":"https:\/\/www.agosto.film\/index.php\/wp-json\/wp\/v2\/pages\/345\/revisions"}],"predecessor-version":[{"id":488,"href":"https:\/\/www.agosto.film\/index.php\/wp-json\/wp\/v2\/pages\/345\/revisions\/488"}],"up":[{"embeddable":true,"href":"https:\/\/www.agosto.film\/index.php\/wp-json\/wp\/v2\/pages\/171"}],"wp:attachment":[{"href":"https:\/\/www.agosto.film\/index.php\/wp-json\/wp\/v2\/media?parent=345"}],"curies":[{"name":"wp","href":"https:\/\/api.w.org\/{rel}","templated":true}]}}